{"id":171862,"date":"2013-11-29T00:00:00","date_gmt":"2013-11-29T00:00:00","guid":{"rendered":"https:\/\/differo.ee\/product\/pehmenurk-lion\/"},"modified":"2024-04-22T09:30:28","modified_gmt":"2024-04-22T09:30:28","slug":"pehmenurk-lion","status":"publish","type":"product","link":"https:\/\/differo.ee\/en\/product\/pehmenurk-lion\/","title":{"rendered":"Pehmenurk Dora"},"content":{"rendered":"<p><!-- [if gte mso 9]&gt;--><\/p>\n<p><!-- [if gte mso 9]&gt;--><\/p>\n<p><strong>Pehmenurk Dora<\/strong><\/p>\n<p>Nurgadiivan \u00fcmberkujundamismehhanismiga &#8220;Euroraamat&#8221;, mis on m\u00f5eldud igap\u00e4evaseks kasutamiseks. Ideaalne magamiseks ja l\u00f5\u00f5gastumiseks Mugav, ergonoomiline, lihtne ja h\u00f5lpsasti kasutatav. Diivani eeliseks on vineerist, m\u00f6\u00f6blilaminaadist valmistatud pesukast, samuti vedruplokk \u201cbonnell\u201d, mis on usaldusv\u00e4\u00e4rne ja praktiliselt igavene.<\/p>\n<p><strong>Omadused:<\/strong><\/p>\n<ul>\n<li>Raam on valmistatud t\u00e4ispuidust.<\/li>\n<li>Seljapatjade t\u00e4idis &#8211; Dacron.<\/li>\n<li>Istme t\u00e4idis: &#8211; vedruplokk &#8220;bonnell&#8221; (Saksamaa), vedrud traadi l\u00e4bim\u00f5\u00f5duga 2,4 mm koormusega kuni 130 kg + v\u00e4ga vastupidav, k\u00f5rge elastsusega pol\u00fcuretaanvaht, mis talub h\u00e4sti d\u00fcnaamilisi koormusi.<\/li>\n<li>kate: saadaval erinevad kangad ja v\u00e4rvid<\/li>\n<li>Tellimisel m\u00e4\u00e4rake nurk (pildil paremas nurgas)<\/li>\n<li>Jalad: puidust<\/li>\n<\/ul>\n<p>Tellimisel palume m\u00e4rkida nurk<\/p>\n<p><img loading=\"lazy\" decoding=\"async\" class=\"alignnone size-medium wp-image-216019\" src=\"https:\/\/differo.ee\/wp-content\/uploads\/2013\/11\/dora-1-300x160.jpg\" alt=\"\" width=\"300\" height=\"160\" srcset=\"https:\/\/differo.ee\/wp-content\/uploads\/2013\/11\/dora-1-300x160.jpg 300w, https:\/\/differo.ee\/wp-content\/uploads\/2013\/11\/dora-1-768x410.jpg 768w, https:\/\/differo.ee\/wp-content\/uploads\/2013\/11\/dora-1-600x321.jpg 600w, https:\/\/differo.ee\/wp-content\/uploads\/2013\/11\/dora-1.jpg 900w\" sizes=\"auto, (max-width: 300px) 100vw, 300px\" \/>parem nurk<\/p>\n<p><strong>L\u00e4ti<\/strong><\/p>\n<p><strong><em>\u201eLAOS\u201d<\/em><\/strong>\u00a0tarneaeg 1-7 p\u00e4eva. V\u00e4rv ja kangas\/korpus\/fasaad vastavalt pildile.<\/p>\n<p><strong><em>\u201eTELLIMISEL\u201d<\/em><\/strong>\u00a0\u2013 on vaja valida kanga\/korpuse\/fasaadi v\u00e4rvi. Tarneaeg 4-8 n\u00e4dalat.<\/p>\n<p><strong><em>\u201eLAOS PUUDUB\u201d<\/em><\/strong>\u00a0\u2013 kaup ei ole saadaval, t\u00e4psema info saamiseks p\u00f6\u00f6rduge\u00a0 tel.\u00a0<strong>6 56 6305<\/strong><\/p>","protected":false},"excerpt":{"rendered":"<p>Pehmenurk Dora Nurgadiivan \u00fcmberkujundamismehhanismiga &#8220;Euroraamat&#8221;, mis on m\u00f5eldud igap\u00e4evaseks kasutamiseks. Ideaalne magamiseks ja l\u00f5\u00f5gastumiseks Mugav, ergonoomiline, lihtne ja h\u00f5lpsasti kasutatav. Diivani eeliseks on vineerist, m\u00f6\u00f6blilaminaadist valmistatud pesukast, samuti vedruplokk \u201cbonnell\u201d, mis on usaldusv\u00e4\u00e4rne ja praktiliselt igavene. Omadused: Raam on valmistatud t\u00e4ispuidust. Seljapatjade t\u00e4idis &#8211; Dacron. Istme t\u00e4idis: &#8211; vedruplokk &#8220;bonnell&#8221; (Saksamaa), vedrud traadi l\u00e4bim\u00f5\u00f5duga 2,4 &#8230; <a title=\"Pehmenurk Dora\" class=\"read-more\" href=\"https:\/\/differo.ee\/en\/product\/pehmenurk-lion\/\" aria-label=\"Read more about Pehmenurk Dora\">Read more<\/a><\/p>\n","protected":false},"featured_media":180669,"template":"","meta":[],"product_cat":[27,41],"product_tag":[],"class_list":{"0":"post-171862","1":"product","2":"type-product","3":"status-publish","4":"has-post-thumbnail","6":"product_cat-pehme-moobel","7":"product_cat-nurgadiivanid","8":"sales-flash-overlay","9":"woocommerce-text-align-center","10":"woocommerce-image-align-center","11":"do-quantity-buttons","13":"first","14":"onbackorder","15":"taxable","16":"shipping-taxable","17":"purchasable","18":"product-type-variable"},"_links":{"self":[{"href":"https:\/\/differo.ee\/en\/wp-json\/wp\/v2\/product\/171862","targetHints":{"allow":["GET"]}}],"collection":[{"href":"https:\/\/differo.ee\/en\/wp-json\/wp\/v2\/product"}],"about":[{"href":"https:\/\/differo.ee\/en\/wp-json\/wp\/v2\/types\/product"}],"wp:featuredmedia":[{"embeddable":true,"href":"https:\/\/differo.ee\/en\/wp-json\/wp\/v2\/media\/180669"}],"wp:attachment":[{"href":"https:\/\/differo.ee\/en\/wp-json\/wp\/v2\/media?parent=171862"}],"wp:term":[{"taxonomy":"product_cat","embeddable":true,"href":"https:\/\/differo.ee\/en\/wp-json\/wp\/v2\/product_cat?post=171862"},{"taxonomy":"product_tag","embeddable":true,"href":"https:\/\/differo.ee\/en\/wp-json\/wp\/v2\/product_tag?post=171862"}],"curies":[{"name":"wp","href":"https:\/\/api.w.org\/{rel}","templated":true}]}}