{"id":182849,"date":"2020-08-16T18:08:24","date_gmt":"2020-08-16T18:08:24","guid":{"rendered":"https:\/\/differo.ee\/?post_type=product&#038;p=182849"},"modified":"2026-04-06T08:55:19","modified_gmt":"2026-04-06T08:55:19","slug":"tumba-elegia-lai","status":"publish","type":"product","link":"https:\/\/differo.ee\/en\/product\/tumba-elegia-lai\/","title":{"rendered":"Tumba Elegia (lai)"},"content":{"rendered":"<p><strong>Tumba Elegia (Viini jalg) kitsas<\/strong><\/p>\n<p><strong>Kirjeldus<\/strong><br \/>\n\u00dcldm\u00f5\u00f5tmed (L*S*K), mm: 560\u0445560\u0445520<br \/>\nT\u00e4idis: pol\u00fcuretaanvaht<br \/>\nJalad: massiiv<\/p>\n<p><strong>Venemaa<\/strong><\/p>\n<p>&nbsp;<\/p>\n<p><strong><em>\u201eLAOS\u201d<\/em><\/strong>\u00a0tarneaeg 1-7 p\u00e4eva. V\u00e4rv ja kangas\/korpus\/fasaad vastavalt pildile.<\/p>\n<p><strong><em>\u201eTELLIMISEL\u201d<\/em><\/strong>\u00a0\u2013 on vaja valida kanga\/korpuse\/fasaadi v\u00e4rvi. Tarneaeg 4-8 n\u00e4dalat.<\/p>\n<p><strong><em>\u201eLAOS PUUDUB\u201d<\/em><\/strong>\u00a0\u2013 kaup ei ole saadaval, t\u00e4psema info saamiseks p\u00f6\u00f6rduge\u00a0 tel.<strong>\u00a06 56 6305<\/strong><\/p>","protected":false},"excerpt":{"rendered":"<p>Tumba Elegia (Viini jalg) kitsas Kirjeldus \u00dcldm\u00f5\u00f5tmed (L*S*K), mm: 560\u0445560\u0445520 T\u00e4idis: pol\u00fcuretaanvaht Jalad: massiiv Venemaa &nbsp; \u201eLAOS\u201d\u00a0tarneaeg 1-7 p\u00e4eva. V\u00e4rv ja kangas\/korpus\/fasaad vastavalt pildile. \u201eTELLIMISEL\u201d\u00a0\u2013 on vaja valida kanga\/korpuse\/fasaadi v\u00e4rvi. Tarneaeg 4-8 n\u00e4dalat. \u201eLAOS PUUDUB\u201d\u00a0\u2013 kaup ei ole saadaval, t\u00e4psema info saamiseks p\u00f6\u00f6rduge\u00a0 tel.\u00a06 56 6305<\/p>\n","protected":false},"featured_media":182910,"template":"","meta":[],"product_cat":[27,47],"product_tag":[],"class_list":{"0":"post-182849","1":"product","2":"type-product","3":"status-publish","4":"has-post-thumbnail","6":"product_cat-pehme-moobel","7":"product_cat-tumbad","8":"sales-flash-overlay","9":"woocommerce-text-align-center","10":"woocommerce-image-align-center","11":"do-quantity-buttons","13":"first","14":"instock","15":"sale","16":"taxable","17":"shipping-taxable","18":"purchasable","19":"product-type-variable"},"_links":{"self":[{"href":"https:\/\/differo.ee\/en\/wp-json\/wp\/v2\/product\/182849","targetHints":{"allow":["GET"]}}],"collection":[{"href":"https:\/\/differo.ee\/en\/wp-json\/wp\/v2\/product"}],"about":[{"href":"https:\/\/differo.ee\/en\/wp-json\/wp\/v2\/types\/product"}],"wp:featuredmedia":[{"embeddable":true,"href":"https:\/\/differo.ee\/en\/wp-json\/wp\/v2\/media\/182910"}],"wp:attachment":[{"href":"https:\/\/differo.ee\/en\/wp-json\/wp\/v2\/media?parent=182849"}],"wp:term":[{"taxonomy":"product_cat","embeddable":true,"href":"https:\/\/differo.ee\/en\/wp-json\/wp\/v2\/product_cat?post=182849"},{"taxonomy":"product_tag","embeddable":true,"href":"https:\/\/differo.ee\/en\/wp-json\/wp\/v2\/product_tag?post=182849"}],"curies":[{"name":"wp","href":"https:\/\/api.w.org\/{rel}","templated":true}]}}