{"id":184244,"date":"2020-09-04T10:58:40","date_gmt":"2020-09-04T10:58:40","guid":{"rendered":"https:\/\/differo.ee\/?post_type=product&#038;p=184244"},"modified":"2023-04-25T09:22:20","modified_gmt":"2023-04-25T09:22:20","slug":"soogilaud-damar-4","status":"publish","type":"product","link":"https:\/\/differo.ee\/en\/product\/soogilaud-damar-4\/","title":{"rendered":"Dining table Damar"},"content":{"rendered":"<p><strong>Dining table Damar<\/strong><\/p>\n<p>Product size- 100*60*75cm<br \/>\nMaterial: METAL, GLASS<br \/>\nColor: BLACK<\/p>\n<p><img decoding=\"async\" title=\"Wysoko\u015b\u0107\" src=\"https:\/\/www.signal.pl\/images\/piktogramy\/stoly_p3.png\" \/>75 cm <img decoding=\"async\" title=\"Szeroko\u015b\u0107\" src=\"https:\/\/www.signal.pl\/images\/piktogramy\/stoly_p2.png\" \/>60 cm <img decoding=\"async\" title=\"D\u0142ugo\u015b\u0107\" src=\"https:\/\/www.signal.pl\/images\/piktogramy\/stoly_p1.png\" \/>100 cm<\/p>\n<p><strong>The product is delivered in packaging and requires assembly<\/strong><\/p>\n<p><strong>Poland<\/strong><\/p>\n<p>&nbsp;<\/p>\n<p><strong><u>\u201cin stock\u201d<\/u><\/strong> \u2013 delivery time (1-7 days). mage.<\/p>\n<p><strong><u>\u201con order\u201d<\/u><\/strong>\u00a0\u2013 after selection \/ color, type of fabric \/ body \/ facade, delivery time (4-8 weeks).<\/p>\n<p><strong><u>\u201cout of stock\u201d<\/u><\/strong>\u00a0\u2013 the product is temporarily unavailable, you can clarify by contacting the salon.<\/p>\n<p>phone number\u00a0<strong>6566305<\/strong><\/p>\n<p>&nbsp;<\/p>","protected":false},"excerpt":{"rendered":"<p>Dining table Damar Product size- 100*60*75cm Material: METAL, GLASS Color: BLACK 75 cm 60 cm 100 cm The product is delivered in packaging and requires assembly Poland &nbsp; \u201cin stock\u201d \u2013 delivery time (1-7 days). mage. \u201con order\u201d\u00a0\u2013 after selection \/ color, type of fabric \/ body \/ facade, delivery time (4-8 weeks). \u201cout of &#8230; <a title=\"Dining table Damar\" class=\"read-more\" href=\"https:\/\/differo.ee\/en\/product\/soogilaud-damar-4\/\" aria-label=\"Read more about Dining table Damar\">Read more<\/a><\/p>\n","protected":false},"featured_media":184245,"template":"","meta":[],"product_cat":[32,106],"product_tag":[],"class_list":{"0":"post-184244","1":"product","2":"type-product","3":"status-publish","4":"has-post-thumbnail","6":"product_cat-soogituba","7":"product_cat-koogilauad","8":"sales-flash-overlay","9":"woocommerce-text-align-center","10":"woocommerce-image-align-center","11":"do-quantity-buttons","13":"first","14":"instock","15":"taxable","16":"shipping-taxable","17":"purchasable","18":"product-type-simple"},"_links":{"self":[{"href":"https:\/\/differo.ee\/en\/wp-json\/wp\/v2\/product\/184244","targetHints":{"allow":["GET"]}}],"collection":[{"href":"https:\/\/differo.ee\/en\/wp-json\/wp\/v2\/product"}],"about":[{"href":"https:\/\/differo.ee\/en\/wp-json\/wp\/v2\/types\/product"}],"wp:featuredmedia":[{"embeddable":true,"href":"https:\/\/differo.ee\/en\/wp-json\/wp\/v2\/media\/184245"}],"wp:attachment":[{"href":"https:\/\/differo.ee\/en\/wp-json\/wp\/v2\/media?parent=184244"}],"wp:term":[{"taxonomy":"product_cat","embeddable":true,"href":"https:\/\/differo.ee\/en\/wp-json\/wp\/v2\/product_cat?post=184244"},{"taxonomy":"product_tag","embeddable":true,"href":"https:\/\/differo.ee\/en\/wp-json\/wp\/v2\/product_tag?post=184244"}],"curies":[{"name":"wp","href":"https:\/\/api.w.org\/{rel}","templated":true}]}}