{"id":215037,"date":"2024-03-26T14:58:12","date_gmt":"2024-03-26T14:58:12","guid":{"rendered":"https:\/\/differo.ee\/?post_type=product&#038;p=215037"},"modified":"2026-01-26T12:14:44","modified_gmt":"2026-01-26T12:14:44","slug":"ponton-punane","status":"publish","type":"product","link":"https:\/\/differo.ee\/en\/product\/ponton-punane\/","title":{"rendered":"Ponton (red)"},"content":{"rendered":"<p><\/p>\n<h3>Ponton<\/h3>\n<p>Pontoon diivan on istmes ja seljatoes t\u00e4idetud Bonelli vedrudega, mis tagavad m\u00f5lemal elemendil k\u00f5rge magamismugavuse. M\u00f6\u00f6bli korpuse elemendid on valmistatud kase ja m\u00e4nni t\u00e4ispuidust. M\u00f6\u00f6bli lisaeelis on avanemistugi (nn automaatne).<\/p>\n<p>Vedruplokk<\/p>\n<p>Puidust raam<\/p>\n<p>Dimensions:<\/p>\n<p>Width: 193 cm<br \/>\nHeight: 94 cm<br \/>\nDepth: 93 cm<br \/>\nsleeping area: 193 cm x 124 cm<\/p>\n<p>Poland<\/p>\n<p><strong><u>\u201cin stock\u201d<\/u><\/strong>\u00a0\u2013 delivery time (1-7 days). Then \/ the color and type of fabric \/ body \/ facade \/ correspond to the image.<\/p>\n<p><strong><u>\u201con order\u201d<\/u><\/strong>\u00a0\u2013 after selection \/ color, type of fabric \/ body \/ facade, delivery time (4-8 weeks).<\/p>\n<p><strong><u>\u201cout of stock\u201d<\/u><\/strong>\u00a0\u2013 the product is temporarily unavailable, you can clarify by contacting the salon.<\/p>\n<p>phone number\u00a0<strong>6566305<\/strong><\/p>","protected":false},"excerpt":{"rendered":"<p>Ponton Pontoon diivan on istmes ja seljatoes t\u00e4idetud Bonelli vedrudega, mis tagavad m\u00f5lemal elemendil k\u00f5rge magamismugavuse. M\u00f6\u00f6bli korpuse elemendid on valmistatud kase ja m\u00e4nni t\u00e4ispuidust. M\u00f6\u00f6bli lisaeelis on avanemistugi (nn automaatne). Vedruplokk Puidust raam Dimensions: Width: 193 cm Height: 94 cm Depth: 93 cm sleeping area: 193 cm x 124 cm Poland \u201cin stock\u201d\u00a0\u2013 delivery &#8230; <a title=\"Ponton (red)\" class=\"read-more\" href=\"https:\/\/differo.ee\/en\/product\/ponton-punane\/\" aria-label=\"Read more about Ponton (red)\">Read more<\/a><\/p>\n","protected":false},"featured_media":219260,"template":"","meta":[],"product_cat":[27,28],"product_tag":[],"class_list":{"0":"post-215037","1":"product","2":"type-product","3":"status-publish","4":"has-post-thumbnail","6":"product_cat-pehme-moobel","7":"product_cat-diivanid-ja-diivanvoodid","8":"sales-flash-overlay","9":"woocommerce-text-align-center","10":"woocommerce-image-align-center","11":"do-quantity-buttons","13":"first","14":"instock","15":"taxable","16":"shipping-taxable","17":"purchasable","18":"product-type-simple"},"_links":{"self":[{"href":"https:\/\/differo.ee\/en\/wp-json\/wp\/v2\/product\/215037","targetHints":{"allow":["GET"]}}],"collection":[{"href":"https:\/\/differo.ee\/en\/wp-json\/wp\/v2\/product"}],"about":[{"href":"https:\/\/differo.ee\/en\/wp-json\/wp\/v2\/types\/product"}],"wp:featuredmedia":[{"embeddable":true,"href":"https:\/\/differo.ee\/en\/wp-json\/wp\/v2\/media\/219260"}],"wp:attachment":[{"href":"https:\/\/differo.ee\/en\/wp-json\/wp\/v2\/media?parent=215037"}],"wp:term":[{"taxonomy":"product_cat","embeddable":true,"href":"https:\/\/differo.ee\/en\/wp-json\/wp\/v2\/product_cat?post=215037"},{"taxonomy":"product_tag","embeddable":true,"href":"https:\/\/differo.ee\/en\/wp-json\/wp\/v2\/product_tag?post=215037"}],"curies":[{"name":"wp","href":"https:\/\/api.w.org\/{rel}","templated":true}]}}