{"id":215575,"date":"2024-04-03T13:11:32","date_gmt":"2024-04-03T13:11:32","guid":{"rendered":"https:\/\/differo.ee\/?post_type=product&#038;p=215575"},"modified":"2026-01-26T12:48:33","modified_gmt":"2026-01-26T12:48:33","slug":"diivan-vena-3mn","status":"publish","type":"product","link":"https:\/\/differo.ee\/en\/product\/diivan-vena-3mn\/","title":{"rendered":"Sofa Vena 3mn"},"content":{"rendered":"<p><strong>Sofa Vena 3mn<\/strong><\/p>\n<p>Dimensions 230*107 cm<\/p>\n<p>Sleeping place 197*163 cm<\/p>\n<p>\u00dcmberkujundamismehhanismiga diivan &#8211; t\u00f5stke &#8220;Eurobook&#8221; v\u00e4lja ja m\u00f5eldud igap\u00e4evaseks kasutamiseks. \u00dcmberkujundamisel moodustavad m\u00f5lemad lennukid \u00fche tasase pinna. Ideaalne magamiseks ja l\u00f5\u00f5gastumiseks Mugav, ergonoomiline, lihtne ja h\u00f5lpsasti kasutatav. Diivani eeliseks on vineerist, m\u00f6\u00f6blilaminaadist linase kasti kast, samuti vedruplokk \u201cbonnell\u201d, mis on usaldusv\u00e4\u00e4rne ja praktiliselt igavene.<\/p>\n<p>VENA<br \/>\nDiivan \u00fcmberkujundamismehhanismiga &#8220;Eurobook&#8221;. M\u00f5eldud igap\u00e4evaseks kasutamiseks. \u00dcmberkujundamisel moodustavad m\u00f5lemad lennukid \u00fche tasase pinna. Ideaalne magamiseks ja l\u00f5\u00f5gastumiseks Mugav, ergonoomiline, lihtne ja h\u00f5lpsasti kasutatav. Diivani eeliseks on vineerist, m\u00f6\u00f6blilaminaadist linase kasti kast, samuti vedruplokk \u201cbonnell\u201d, mis on usaldusv\u00e4\u00e4rne ja praktiliselt igavene.<\/p>\n<p>Omadused:<br \/>\nRaam on valmistatud t\u00e4ispuidust.<\/p>\n<p>Seljapatjade t\u00e4idis &#8211; Dacron.<\/p>\n<p>Istme t\u00e4idis: &#8211; vedruplokk &#8220;bonnell&#8221; (Saksamaa), vedrud traadi l\u00e4bim\u00f5\u00f5duga 2,4 mm koormusega kuni 130 kg + v\u00e4ga vastupidav, k\u00f5rge elastsusega pol\u00fcuretaanvaht, mis talub h\u00e4sti d\u00fcnaamilisi koormusi.<\/p>\n<p>Polsterdus: saadaval on mitmesuguseid kangaid ja v\u00e4rve.<\/p>\n<p>Jalad: puust.<\/p>\n<p>Dimensions 231 cm or 221 cm. Specify when ordering (size depends on thickness of armrests).<\/p>\n<p><strong>Latvia<\/strong><\/p>\n<p><strong><u>\u201cin stock\u201d<\/u><\/strong> \u2013 delivery time (1-7 days).<\/p>\n<p><strong><u>\u201con order\u201d<\/u><\/strong>\u00a0\u2013 after selection \/ color, type of fabric \/ body \/ facade, delivery time (4-8 weeks).<\/p>\n<p><strong><u>\u201cout of stock\u201d<\/u><\/strong>\u00a0\u2013 the product is temporarily unavailable, you can clarify by contacting the salon.<\/p>","protected":false},"excerpt":{"rendered":"<p class=\"qtranxs-available-languages-message qtranxs-available-languages-message-en\">Sorry, this entry is only available in <a href=\"https:\/\/differo.ee\/ru\/wp-json\/wp\/v2\/product\/215575\" class=\"qtranxs-available-language-link qtranxs-available-language-link-ru\" title=\"\u0420\u0443\u0441\u0441\u043a\u0438\u0439\">\u0420\u0443\u0441\u0441\u043a\u0438\u0439<\/a>.<\/p>\n","protected":false},"featured_media":219274,"template":"","meta":[],"product_cat":[27,28],"product_tag":[],"class_list":{"0":"post-215575","1":"product","2":"type-product","3":"status-publish","4":"has-post-thumbnail","6":"product_cat-pehme-moobel","7":"product_cat-diivanid-ja-diivanvoodid","8":"sales-flash-overlay","9":"woocommerce-text-align-center","10":"woocommerce-image-align-center","11":"do-quantity-buttons","13":"first","14":"instock","15":"taxable","16":"shipping-taxable","17":"purchasable","18":"product-type-simple"},"_links":{"self":[{"href":"https:\/\/differo.ee\/en\/wp-json\/wp\/v2\/product\/215575","targetHints":{"allow":["GET"]}}],"collection":[{"href":"https:\/\/differo.ee\/en\/wp-json\/wp\/v2\/product"}],"about":[{"href":"https:\/\/differo.ee\/en\/wp-json\/wp\/v2\/types\/product"}],"wp:featuredmedia":[{"embeddable":true,"href":"https:\/\/differo.ee\/en\/wp-json\/wp\/v2\/media\/219274"}],"wp:attachment":[{"href":"https:\/\/differo.ee\/en\/wp-json\/wp\/v2\/media?parent=215575"}],"wp:term":[{"taxonomy":"product_cat","embeddable":true,"href":"https:\/\/differo.ee\/en\/wp-json\/wp\/v2\/product_cat?post=215575"},{"taxonomy":"product_tag","embeddable":true,"href":"https:\/\/differo.ee\/en\/wp-json\/wp\/v2\/product_tag?post=215575"}],"curies":[{"name":"wp","href":"https:\/\/api.w.org\/{rel}","templated":true}]}}