{"id":218735,"date":"2024-06-28T13:50:33","date_gmt":"2024-06-28T13:50:33","guid":{"rendered":"https:\/\/differo.ee\/?post_type=product&#038;p=218735"},"modified":"2026-04-06T08:43:47","modified_gmt":"2026-04-06T08:43:47","slug":"grand-neron","status":"publish","type":"product","link":"https:\/\/differo.ee\/en\/product\/grand-neron\/","title":{"rendered":"Esik Neron"},"content":{"rendered":"<p>M\u00f5\u00f5tmed (LxSxK): 200 x 189 x 38 cm<\/p>\n<p><strong>Toode\u00a0tarnitakse detailidena ja\u00a0vajab kokkupanekut<\/strong><\/p>\n<p><strong>Poland<\/strong><\/p>\n<p><strong><em>\u201eLAOS\u201d<\/em><\/strong>\u00a0tarneaeg 1-7 p\u00e4eva. V\u00e4rv ja kangas\/korpus\/fasaad vastavalt pildile.<\/p>\n<p><strong><em>\u201eTELLIMISEL\u201d<\/em><\/strong>\u00a0\u2013 on vaja valida kanga\/korpuse\/fasaadi v\u00e4rvi. Tarneaeg 4-8 n\u00e4dalat.<\/p>\n<p><strong><em>\u201eLAOS PUUDUB\u201d<\/em><\/strong>\u00a0\u2013 kaup ei ole saadaval, t\u00e4psema info saamiseks p\u00f6\u00f6rduge\u00a0 tel.\u00a0<strong>6 56 6305<\/strong><\/p>","protected":false},"excerpt":{"rendered":"<p>M\u00f5\u00f5tmed (LxSxK): 200 x 189 x 38 cm Toode\u00a0tarnitakse detailidena ja\u00a0vajab kokkupanekut Poland \u201eLAOS\u201d\u00a0tarneaeg 1-7 p\u00e4eva. V\u00e4rv ja kangas\/korpus\/fasaad vastavalt pildile. \u201eTELLIMISEL\u201d\u00a0\u2013 on vaja valida kanga\/korpuse\/fasaadi v\u00e4rvi. Tarneaeg 4-8 n\u00e4dalat. \u201eLAOS PUUDUB\u201d\u00a0\u2013 kaup ei ole saadaval, t\u00e4psema info saamiseks p\u00f6\u00f6rduge\u00a0 tel.\u00a06 56 6305<\/p>\n","protected":false},"featured_media":218745,"template":"","meta":[],"product_cat":[54],"product_tag":[],"class_list":{"0":"post-218735","1":"product","2":"type-product","3":"status-publish","4":"has-post-thumbnail","6":"product_cat-esik","7":"sales-flash-overlay","8":"woocommerce-text-align-center","9":"woocommerce-image-align-center","10":"do-quantity-buttons","12":"first","13":"onbackorder","14":"taxable","15":"shipping-taxable","16":"purchasable","17":"product-type-variable"},"_links":{"self":[{"href":"https:\/\/differo.ee\/en\/wp-json\/wp\/v2\/product\/218735","targetHints":{"allow":["GET"]}}],"collection":[{"href":"https:\/\/differo.ee\/en\/wp-json\/wp\/v2\/product"}],"about":[{"href":"https:\/\/differo.ee\/en\/wp-json\/wp\/v2\/types\/product"}],"wp:featuredmedia":[{"embeddable":true,"href":"https:\/\/differo.ee\/en\/wp-json\/wp\/v2\/media\/218745"}],"wp:attachment":[{"href":"https:\/\/differo.ee\/en\/wp-json\/wp\/v2\/media?parent=218735"}],"wp:term":[{"taxonomy":"product_cat","embeddable":true,"href":"https:\/\/differo.ee\/en\/wp-json\/wp\/v2\/product_cat?post=218735"},{"taxonomy":"product_tag","embeddable":true,"href":"https:\/\/differo.ee\/en\/wp-json\/wp\/v2\/product_tag?post=218735"}],"curies":[{"name":"wp","href":"https:\/\/api.w.org\/{rel}","templated":true}]}}