{"id":171785,"date":"2013-09-30T00:00:00","date_gmt":"2013-09-30T00:00:00","guid":{"rendered":"https:\/\/differo.ee\/product\/%d1%81%d1%82%d1%83%d0%bb-2%d0%bd\/"},"modified":"2024-05-06T13:40:19","modified_gmt":"2024-05-06T13:40:19","slug":"%d1%81%d1%82%d1%83%d0%bb-2%d0%bd","status":"publish","type":"product","link":"https:\/\/differo.ee\/ru\/product\/%d1%81%d1%82%d1%83%d0%bb-2%d0%bd\/","title":{"rendered":"\u0421\u0442\u0443\u043b 2\u041d"},"content":{"rendered":"<p><!-- [if gte mso 9]&gt;--><\/p>\n<p><!-- [if gte mso 9]&gt;--><\/p>\n<p><strong>\u0421\u0442\u0443\u043b 2\u041d<\/strong><\/p>\n<div class=\"info\">\n<h4>\u041e\u043f\u0438\u0441\u0430\u043d\u0438\u0435<\/h4>\n<div class=\"previewtext\">\u0413\u0430\u0431\u0430\u0440\u0438\u0442\u043d\u044b\u0435 \u0440\u0430\u0437\u043c\u0435\u0440\u044b (\u0428\u0445\u0413\u0445\u0412), \u043c\u043c: 450\u0445510\u0445860<br \/>\n\u041a\u0430\u0440\u043a\u0430\u0441: \u043c\u0430\u0441\u0441\u0438\u0432<br \/>\n\u041d\u0430\u043f\u043e\u043b\u043d\u0438\u0442\u0435\u043b\u044c \u0441\u0438\u0434\u0435\u043d\u044c\u044f \u0438 \u0441\u043f\u0438\u043d\u043a\u0438: \u043f\u0435\u043d\u043e\u043f\u043e\u043b\u0438\u0443\u0440\u0435\u0442\u0430\u043d<\/div>\n<div>\n<p><strong>Toode\u00a0tarnitakse detailidena ja\u00a0vajab kokkupanekut<\/strong><\/p>\n<p><strong>Venemaa<\/strong><\/p>\n<p><strong><em>\u201eLAOS\u201d<\/em><\/strong>\u00a0tarneaeg 1-7 p\u00e4eva. V\u00e4rv ja kangas\/korpus\/fasaad vastavalt pildile.<\/p>\n<p><strong><em>\u201eTELLIMISEL\u201d<\/em><\/strong>\u00a0\u2013 on vaja valida kanga\/korpuse\/fasaadi v\u00e4rvi. Tarneaeg 4-8 n\u00e4dalat.<\/p>\n<p><strong><em>\u201eLAOS PUUDUB\u201d<\/em><\/strong>\u00a0\u2013 kaup ei ole saadaval, t\u00e4psema info saamiseks p\u00f6\u00f6rduge\u00a0 tel.\u00a0<strong>6 56 6305<\/strong><\/p>\n<\/div>\n<\/div>\n<p><\/p>","protected":false},"excerpt":{"rendered":"<p>\u0421\u0442\u0443\u043b 2\u041d \u041e\u043f\u0438\u0441\u0430\u043d\u0438\u0435 \u0413\u0430\u0431\u0430\u0440\u0438\u0442\u043d\u044b\u0435 \u0440\u0430\u0437\u043c\u0435\u0440\u044b (\u0428\u0445\u0413\u0445\u0412), \u043c\u043c: 450\u0445510\u0445860 \u041a\u0430\u0440\u043a\u0430\u0441: \u043c\u0430\u0441\u0441\u0438\u0432 \u041d\u0430\u043f\u043e\u043b\u043d\u0438\u0442\u0435\u043b\u044c \u0441\u0438\u0434\u0435\u043d\u044c\u044f \u0438 \u0441\u043f\u0438\u043d\u043a\u0438: \u043f\u0435\u043d\u043e\u043f\u043e\u043b\u0438\u0443\u0440\u0435\u0442\u0430\u043d Toode\u00a0tarnitakse detailidena ja\u00a0vajab kokkupanekut Venemaa \u201eLAOS\u201d\u00a0tarneaeg 1-7 p\u00e4eva. V\u00e4rv ja kangas\/korpus\/fasaad vastavalt pildile. \u201eTELLIMISEL\u201d\u00a0\u2013 on vaja valida kanga\/korpuse\/fasaadi v\u00e4rvi. Tarneaeg 4-8 n\u00e4dalat. \u201eLAOS PUUDUB\u201d\u00a0\u2013 kaup ei ole saadaval, t\u00e4psema info saamiseks p\u00f6\u00f6rduge\u00a0 tel.\u00a06 56 6305<\/p>\n","protected":false},"featured_media":167637,"template":"","meta":[],"product_cat":[32,33],"product_tag":[],"class_list":{"0":"post-171785","1":"product","2":"type-product","3":"status-publish","4":"has-post-thumbnail","6":"product_cat-soogituba","7":"product_cat-toolid","8":"sales-flash-overlay","9":"woocommerce-text-align-center","10":"woocommerce-image-align-center","11":"do-quantity-buttons","13":"first","14":"instock","15":"taxable","16":"shipping-taxable","17":"purchasable","18":"product-type-simple"},"_links":{"self":[{"href":"https:\/\/differo.ee\/ru\/wp-json\/wp\/v2\/product\/171785","targetHints":{"allow":["GET"]}}],"collection":[{"href":"https:\/\/differo.ee\/ru\/wp-json\/wp\/v2\/product"}],"about":[{"href":"https:\/\/differo.ee\/ru\/wp-json\/wp\/v2\/types\/product"}],"wp:featuredmedia":[{"embeddable":true,"href":"https:\/\/differo.ee\/ru\/wp-json\/wp\/v2\/media\/167637"}],"wp:attachment":[{"href":"https:\/\/differo.ee\/ru\/wp-json\/wp\/v2\/media?parent=171785"}],"wp:term":[{"taxonomy":"product_cat","embeddable":true,"href":"https:\/\/differo.ee\/ru\/wp-json\/wp\/v2\/product_cat?post=171785"},{"taxonomy":"product_tag","embeddable":true,"href":"https:\/\/differo.ee\/ru\/wp-json\/wp\/v2\/product_tag?post=171785"}],"curies":[{"name":"wp","href":"https:\/\/api.w.org\/{rel}","templated":true}]}}