{"id":171961,"date":"2015-05-05T00:00:00","date_gmt":"2015-05-05T00:00:00","guid":{"rendered":"https:\/\/differo.ee\/product\/soogilaud-damar\/"},"modified":"2023-04-25T09:21:51","modified_gmt":"2023-04-25T09:21:51","slug":"soogilaud-damar","status":"publish","type":"product","link":"https:\/\/differo.ee\/ru\/product\/soogilaud-damar\/","title":{"rendered":"\u0421\u0442\u043e\u043b \u043e\u0431\u0435\u0434\u0435\u043d\u043d\u044b\u0439 \u0414\u0430\u043c\u0430\u0440"},"content":{"rendered":"<p><strong>\u0421\u0442\u043e\u043b \u043e\u0431\u0435\u0434\u0435\u043d\u043d\u044b\u0439 \u0414\u0430\u043c\u0430\u0440<\/strong><\/p>\n<p>\u0421\u043e\u0432\u0440\u0435\u043c\u0435\u043d\u043d\u044b\u0439 \u0441\u0442\u043e\u043b DAMAR \u0432 \u043f\u0440\u043e\u0441\u0442\u043e\u043c \u0434\u0438\u0437\u0430\u0439\u043d\u0435.<\/p>\n<p>\u041c\u0435\u0442\u0430\u043b\u043b\u0438\u0447\u0435\u0441\u043a\u0430\u044f \u043a\u043e\u043d\u0441\u0442\u0440\u0443\u043a\u0446\u0438\u044f \u043f\u043e\u043a\u0440\u044b\u0442\u0430 \u0445\u0440\u043e\u043c\u043e\u043c, \u0441\u0442\u043e\u043b\u0435\u0448\u043d\u0438\u0446\u0430 \u0432\u044b\u043f\u043e\u043b\u043d\u0435\u043d\u0430 \u0438\u0437 \u043f\u0440\u043e\u0437\u0440\u0430\u0447\u043d\u043e\u0433\u043e \u0438 \u043c\u0430\u0442\u043e\u0432\u043e\u0433\u043e \u0437\u0430\u043a\u0430\u043b\u0435\u043d\u043d\u043e\u0433\u043e \u0441\u0442\u0435\u043a\u043b\u0430 \u0441 \u0440\u0438\u0441\u0443\u043d\u043a\u043e\u043c.<br \/>\n\u0426\u0432\u0435\u0442: \u0411\u0415\u041b\u042b\u0419<br \/>\n\u0425\u0430\u0440\u0430\u043a\u0442\u0435\u0440\u0438\u0441\u0442\u0438\u043a\u0438:<br \/>\n\u0428\u0438\u0440\u0438\u043d\u0430:60 \u0441\u043c<br \/>\n\u0413\u043b\u0443\u0431\u0438\u043d\u0430:100 \u0441\u043c<br \/>\n\u0412\u044b\u0441\u043e\u0442\u0430:75 \u0441\u043c<br \/>\n\u041c\u0430\u0442\u0435\u0440\u0438\u0430\u043b: \u041c\u0435\u0442\u0430\u043b\u043b, \u0437\u0430\u043a\u0430\u043b\u0451\u043d\u043d\u043e\u0435 \u0441\u0442\u0435\u043a\u043b\u043e<\/p>\n<p><strong>\u041f\u043e\u043b\u044c\u0448\u0430.<\/strong><\/p>\n<div class=\"about\">\n<div class=\"container\">\n<div class=\"about-sec\">\n<div class=\"col-md-3 about-grid\">\n<div id=\"wymiary_ico\"><img decoding=\"async\" title=\"Wysoko\u015b\u0107\" src=\"https:\/\/www.signal.pl\/images\/piktogramy\/stoly_p3.png\" \/>75 cm <img decoding=\"async\" title=\"Szeroko\u015b\u0107\" src=\"https:\/\/www.signal.pl\/images\/piktogramy\/stoly_p2.png\" \/>60 cm <img decoding=\"async\" title=\"D\u0142ugo\u015b\u0107\" src=\"https:\/\/www.signal.pl\/images\/piktogramy\/stoly_p1.png\" \/>100 cm<\/div>\n<\/div>\n<div>\n<div class=\"previewtext\"><strong>\u0422\u043e\u0432\u0430\u0440 \u0434\u043e\u0441\u0442\u0430\u0432\u043b\u044f\u0435\u0442\u0441\u044f \u0432 \u0443\u043f\u0430\u043a\u043e\u0432\u043a\u0435 \u0438 \u0442\u0440\u0435\u0431\u0443\u0435\u0442 \u0441\u0431\u043e\u0440\u043a\u0438<\/strong><\/div>\n<div>\n<p>\u00ab\u041d\u0430 \u0441\u043a\u043b\u0430\u0434\u0435\u00bb, \u2014 \u0441\u0440\u043e\u043a \u043f\u043e\u0441\u0442\u0430\u0432\u043a\u0438 (1-7\u0434\u043d\u0435\u0439) .<\/p>\n<p>\u00ab\u0414\u043e\u0441\u0442\u0443\u043f\u043d\u043e \u0434\u043b\u044f \u043f\u0440\u0435\u0434\u0437\u0430\u043a\u0430\u0437\u0430\u00bb\u2014 \u043f\u043e\u0441\u043b\u0435 \u0432\u044b\u0431\u043e\u0440\u0430 \/\u0446\u0432\u0435\u0442\u0430, \u0442\u0438\u043f\u0430 \u0442\u043a\u0430\u043d\u0438\/\u043a\u043e\u0440\u043f\u0443\u0441\u0430\/\u0444\u0430\u0441\u0430\u0434\u0430, \u0441\u0440\u043e\u043a \u043f\u043e\u0441\u0442\u0430\u0432\u043a\u0438 (4-8 \u043d\u0435\u0434\u0435\u043b\u044c).<\/p>\n<p>\u00ab\u041d\u0435\u0442 \u0432 \u043d\u0430\u043b\u0438\u0447\u0438\u0438\u00bb-\u0442\u043e\u0432\u0430\u0440 \u043d\u0435\u0434\u043e\u0441\u0442\u0443\u043f\u0435\u043d \u0432\u0440\u0435\u043c\u0435\u043d\u043d\u043e, \u043c\u043e\u0436\u043d\u043e \u0443\u0442\u043e\u0447\u043d\u0438\u0442\u044c, \u0441\u0432\u044f\u0437\u0430\u0432\u0448\u0438\u0441\u044c \u0441 \u0441\u0430\u043b\u043e\u043d\u043e\u043c.<\/p>\n<\/div>\n<\/div>\n<\/div>\n<\/div>\n<\/div>\n<p><\/p>","protected":false},"excerpt":{"rendered":"<p>\u0421\u0442\u043e\u043b \u043e\u0431\u0435\u0434\u0435\u043d\u043d\u044b\u0439 \u0414\u0430\u043c\u0430\u0440 \u0421\u043e\u0432\u0440\u0435\u043c\u0435\u043d\u043d\u044b\u0439 \u0441\u0442\u043e\u043b DAMAR \u0432 \u043f\u0440\u043e\u0441\u0442\u043e\u043c \u0434\u0438\u0437\u0430\u0439\u043d\u0435. \u041c\u0435\u0442\u0430\u043b\u043b\u0438\u0447\u0435\u0441\u043a\u0430\u044f \u043a\u043e\u043d\u0441\u0442\u0440\u0443\u043a\u0446\u0438\u044f \u043f\u043e\u043a\u0440\u044b\u0442\u0430 \u0445\u0440\u043e\u043c\u043e\u043c, \u0441\u0442\u043e\u043b\u0435\u0448\u043d\u0438\u0446\u0430 \u0432\u044b\u043f\u043e\u043b\u043d\u0435\u043d\u0430 \u0438\u0437 \u043f\u0440\u043e\u0437\u0440\u0430\u0447\u043d\u043e\u0433\u043e \u0438 \u043c\u0430\u0442\u043e\u0432\u043e\u0433\u043e \u0437\u0430\u043a\u0430\u043b\u0435\u043d\u043d\u043e\u0433\u043e \u0441\u0442\u0435\u043a\u043b\u0430 \u0441 \u0440\u0438\u0441\u0443\u043d\u043a\u043e\u043c. \u0426\u0432\u0435\u0442: \u0411\u0415\u041b\u042b\u0419 \u0425\u0430\u0440\u0430\u043a\u0442\u0435\u0440\u0438\u0441\u0442\u0438\u043a\u0438: \u0428\u0438\u0440\u0438\u043d\u0430:60 \u0441\u043c \u0413\u043b\u0443\u0431\u0438\u043d\u0430:100 \u0441\u043c \u0412\u044b\u0441\u043e\u0442\u0430:75 \u0441\u043c \u041c\u0430\u0442\u0435\u0440\u0438\u0430\u043b: \u041c\u0435\u0442\u0430\u043b\u043b, \u0437\u0430\u043a\u0430\u043b\u0451\u043d\u043d\u043e\u0435 \u0441\u0442\u0435\u043a\u043b\u043e \u041f\u043e\u043b\u044c\u0448\u0430. 75 cm 60 cm 100 cm \u0422\u043e\u0432\u0430\u0440 \u0434\u043e\u0441\u0442\u0430\u0432\u043b\u044f\u0435\u0442\u0441\u044f \u0432 \u0443\u043f\u0430\u043a\u043e\u0432\u043a\u0435 \u0438 \u0442\u0440\u0435\u0431\u0443\u0435\u0442 \u0441\u0431\u043e\u0440\u043a\u0438 \u00ab\u041d\u0430 \u0441\u043a\u043b\u0430\u0434\u0435\u00bb, \u2014 \u0441\u0440\u043e\u043a \u043f\u043e\u0441\u0442\u0430\u0432\u043a\u0438 &#8230; <a title=\"\u0421\u0442\u043e\u043b \u043e\u0431\u0435\u0434\u0435\u043d\u043d\u044b\u0439 \u0414\u0430\u043c\u0430\u0440\" class=\"read-more\" href=\"https:\/\/differo.ee\/ru\/product\/soogilaud-damar\/\" aria-label=\"Read more about \u0421\u0442\u043e\u043b \u043e\u0431\u0435\u0434\u0435\u043d\u043d\u044b\u0439 \u0414\u0430\u043c\u0430\u0440\">\u0427\u0438\u0442\u0430\u0442\u044c \u0434\u0430\u043b\u0435\u0435<\/a><\/p>\n","protected":false},"featured_media":168852,"template":"","meta":[],"product_cat":[32,106],"product_tag":[],"class_list":{"0":"post-171961","1":"product","2":"type-product","3":"status-publish","4":"has-post-thumbnail","6":"product_cat-soogituba","7":"product_cat-koogilauad","8":"sales-flash-overlay","9":"woocommerce-text-align-center","10":"woocommerce-image-align-center","11":"do-quantity-buttons","13":"first","14":"instock","15":"taxable","16":"shipping-taxable","17":"purchasable","18":"product-type-simple"},"_links":{"self":[{"href":"https:\/\/differo.ee\/ru\/wp-json\/wp\/v2\/product\/171961","targetHints":{"allow":["GET"]}}],"collection":[{"href":"https:\/\/differo.ee\/ru\/wp-json\/wp\/v2\/product"}],"about":[{"href":"https:\/\/differo.ee\/ru\/wp-json\/wp\/v2\/types\/product"}],"wp:featuredmedia":[{"embeddable":true,"href":"https:\/\/differo.ee\/ru\/wp-json\/wp\/v2\/media\/168852"}],"wp:attachment":[{"href":"https:\/\/differo.ee\/ru\/wp-json\/wp\/v2\/media?parent=171961"}],"wp:term":[{"taxonomy":"product_cat","embeddable":true,"href":"https:\/\/differo.ee\/ru\/wp-json\/wp\/v2\/product_cat?post=171961"},{"taxonomy":"product_tag","embeddable":true,"href":"https:\/\/differo.ee\/ru\/wp-json\/wp\/v2\/product_tag?post=171961"}],"curies":[{"name":"wp","href":"https:\/\/api.w.org\/{rel}","templated":true}]}}